{"id":365,"date":"2017-09-21T13:49:23","date_gmt":"2017-09-21T13:49:23","guid":{"rendered":"https:\/\/neuromed-berlin.de\/impressum\/"},"modified":"2017-10-11T15:39:22","modified_gmt":"2017-10-11T15:39:22","slug":"impressum","status":"publish","type":"page","link":"https:\/\/neuromed-berlin.de\/el\/impressum\/","title":{"rendered":"Impressum"},"content":{"rendered":"<p>[et_pb_section bb_built=&#8221;1&#8243;][et_pb_row][et_pb_column type=&#8221;4_4&#8243;][et_pb_text admin_label=&#8221;Impressum text&#8221; _builder_version=&#8221;3.0.66&#8243; background_layout=&#8221;light&#8221; text_orientation=&#8221;left&#8221; border_style=&#8221;solid&#8221;]<\/p>\n<h1>Impressum und Datenschutzerkl\u00e4rung<\/h1>\n<p>Dr. O. Wengert<br \/>\nArztpraxis<br \/>\nSchlo\u00dfstra\u00dfe 30<br \/>\n12163 Berlin-Steglitz<\/p>\n<p><strong>Kontakt:<\/strong><br \/>\nTelefon: 030-79788900<br \/>\nTelefax: 030-79788915<br \/>\nE-Mail: <span class=\"pep-email\">info(Replace this parenthesis with the @ sign)sport-neurologie.de<\/span><\/p>\n<h3>Berufsspezifische Angaben:<\/h3>\n<ul>\n<li>Die Berufsbezeichnung Arzt wurde in Deutschland verliehen.<\/li>\n<li>Zust\u00e4ndige \u00c4rztekammer: Landes\u00e4rztekammer Berlin<\/li>\n<\/ul>\n<h3>Gesetzliche Berufsbezeichnung:<\/h3>\n<p>Facharzt f\u00fcr Neurologie<\/p>\n<h3>Zust\u00e4ndige Aufsichtsbeh\u00f6rde:<\/h3>\n<p>\u00c4rztekammer Berlin<br \/>\nFriedrichstra\u00dfe 16<br \/>\n10969 Berlin<\/p>\n<p>Es gelten folgende berufsrechtliche Regelungen:<\/p>\n<ul>\n<li>Berufsordnung der Landes\u00e4rztekammer Berlin<\/li>\n<li>Heilberufegesetz des Landes Berlin<\/li>\n<\/ul>\n<p>Diese Regelungen sind einsehbar unter:&nbsp;<a href=\"https:\/\/www.laekb.de\/\" rel=\"noopener\" target=\"_blank\">www.laekb.de<\/a><\/p>\n<h3>Verantwortlich f\u00fcr den Inhalt:<\/h3>\n<p>Dr. Oliver Wengert<\/p>\n<h3>Quellenangaben f\u00fcr die verwendeten Bilder, Homepagedesign, Homepageprogrammierung:<\/h3>\n<p><strong>Fotografien:<\/strong>&nbsp;Jakob Voges, Fotograf&nbsp;<a href=\"http:\/\/jakob-voges.de\/\" rel=\"noopener\" target=\"_blank\">http:\/\/jakob-voges.de\/<\/a><br \/>\n<strong>Homepage Design:<\/strong>&nbsp; Regina Otteni, <a href=\"http:\/\/www.ottenidesign.de\" rel=\"noopener\" target=\"_blank\">http:\/\/www.ottenidesign.de<\/a><br \/>\n<strong>Homepage Text:<\/strong> Christian Hohlfeldt, <a href=\"http:\/\/www.textundarter.de\" rel=\"noopener\" target=\"_blank\">http:\/\/www.textundarter.de<\/a><br \/>\n<strong>Homepage Programmierung:<\/strong>&nbsp;Mauricio Disilvestro Programming&nbsp;<a href=\"http:\/\/learn2makeawebsite.com\/\" rel=\"noopener\" target=\"_blank\">http:\/\/learn2makeawebsite.com\/<\/a><br \/>\n<strong>Impressum:<\/strong>&nbsp;eRecht24&nbsp;<a href=\"http:\/\/www.e-recht24.de\/\" rel=\"noopener\" target=\"_blank\">http:\/\/www.e-recht24.de\/<\/a>&nbsp;und Datenschutzmuster von Rechtsanwalt Thomas Schwenke&nbsp;<a href=\"http:\/\/rechtsanwalt-schwenke.de\/smmr-buch\/datenschutz-muster-generator-fuer-webseiten-blogs-und-social-media\" rel=\"noopener\" target=\"_blank\">http:\/\/rechtsanwalt-schwenke.de\/smmr-buch\/datenschutz-muster-generator-fuer-webseiten-blogs-und-social-media<\/a><br \/>\nTexte vom Webseiteninhaber angepast.<\/p>\n<h2>Haftungsausschluss (Disclaimer)<\/h2>\n<h3>Haftung f\u00fcr Inhalte<\/h3>\n<p>Als Diensteanbieter bin ich gem\u00e4\u00df \u00a7 7 Abs.1 TMG f\u00fcr eigene Inhalte auf diesen Seiten nach den allgemeinen Gesetzen verantwortlich. Nach \u00a7\u00a7 8 bis 10 TMG bin ich als Diensteanbieter jedoch nicht verpflichtet, \u00fcbermittelte oder gespeicherte fremde Informationen zu \u00fcberwachen oder nach Umst\u00e4nden zu forschen, die auf eine rechtswidrige T\u00e4tigkeit hinweisen. Verpflichtungen zur Entfernung oder Sperrung der Nutzung von Informationen nach den allgemeinen Gesetzen bleiben hiervon unber\u00fchrt. Eine diesbez\u00fcgliche Haftung ist jedoch erst ab dem Zeitpunkt der Kenntnis einer konkreten Rechtsverletzung m\u00f6glich. Bei Bekanntwerden von entsprechenden Rechtsverletzungen werden wir diese Inhalte umgehend entfernen. Die Inhalte dieser Website wurden mit allergr\u00f6\u00dfter Sorgfalt und nach bestem Wissen und Gewissen erstellt. Ich habe mich an deutschen und internationalen Leitlinien neurologischer Fachgesellschaften, au\u00dferdem an aktuellen Metaanalysen, \u00dcbersichtsarbeiten und Lehrb\u00fccher zu den beschriebenen Themen orientiert. Eine Gew\u00e4hr f\u00fcr die Richtigkeit, Vollst\u00e4ndigkeit und Aktualit\u00e4t der bereitgestellten Inhalte kann trotzdem nicht \u00fcbernommen werden. S\u00e4mtliche \u00c4u\u00dferungen auf diesen Seiten erfolgen unter Ausschluss jeglicher Haftung f\u00fcr m\u00f6glicherweise unzutreffende Angaben tats\u00e4chlicher oder rechtlicher Art. Die Nutzung der abrufbaren Inhalte, insbesondere auch Gesundheitsinformationen betreffend, erfolgt auf eigene Gefahr des Nutzers. Anspr\u00fcche irgendwelcher Art k\u00f6nnen aus eventuell unzutreffenden Angaben nicht hergeleitet werden. Die auf diesen Seiten gemachten Aussagen erheben keinen Anspruch auf allgemeine G\u00fcltigkeit. Davon abweichende \u00e4rztliche Meinungen und Erfahrungen wird es mit Sicherheit auch geben. Bitte beachten Sie: Diese Webseite ersetzt keine medizinische Diagnosestellung oder Behandlung, ebenso wenig ist dies eine Anleitung zur Selbstdiagnose und Selbstbehandlung. Auch eine unkritische \u00dcbernahme der Informationen und daraus resultierende Behandlungsfehler liegen au\u00dferhalb meines Verantwortungsbereichs. Haftungsanspr\u00fcche gegen den Seitenverantwortlichen, welche sich auf Sch\u00e4den materieller oder ideeller Art beziehen, die durch die Nutzung oder Nichtnutzung der dargebotenen Informationen bzw. durch die Nutzung fehlerhafter und unvollst\u00e4ndiger Informationen verursacht wurden, sind ausgeschlossen. Medizin und Wissenschaft unterliegen st\u00e4ndigen Entwicklungen. Ich behalte mir auch \u00c4nderungen des Inhalts, Anpassungen an neue Erkenntnisse, neue Literatur usw. vor.<br \/>\nAlle hier dargestellten Informationen sorgf\u00e4ltig \u00fcberpr\u00fcft, unter Hinzuanhme von Fachliteratur erstellt und nach bestem Wissen und Gewissen zusammengefa\u00dft. Eine Internetinformation ersetzt nie (!) eine individuelle \u00e4rztliche Untersuchung und Beratung.Eine Haftung f\u00fcr die Richtigkeit und Aktualit\u00e4t der Informationen kann ich daher nicht \u00fcbernehmen. Was im allgemeinen richtig erscheint, kann im Einzelfall falsch sein. Ich \u00fcbernehme keine Haftung f\u00fcr Sch\u00e4den, die durch Anwendung der Informationen dieser Homepage entstanden sind.<\/p>\n<h3>Haftung f\u00fcr Links<\/h3>\n<p>Diese Homepage enth\u00e4lt Links zu externen Webseiten Dritter, auf deren Inhalte ich keinen Einfluss habe. Deshalb kann ich f\u00fcr diese fremden Inhalte auch keine Gew\u00e4hr \u00fcbernehmen. F\u00fcr die Inhalte der verlinkten Seiten ist stets der jeweilige Anbieter oder Betreiber der Seiten verantwortlich. Die verlinkten Seiten wurden zum Zeitpunkt der Verlinkung auf m\u00f6gliche Rechtsverst\u00f6\u00dfe \u00fcberpr\u00fcft. Rechtswidrige Inhalte waren zum Zeitpunkt der Verlinkung nicht erkennbar. Eine permanente inhaltliche Kontrolle der verlinkten Seiten ist jedoch ohne konkrete Anhaltspunkte einer Rechtsverletzung nicht zumutbar. Bei Bekanntwerden von Rechtsverletzungen werde ich derartige Links umgehend entfernen. Mit Urteil vom 12. Mai 1998 \u2013 312 O 85\/98 \u2013 \u201cHaftung f\u00fcr Links\u201d hat das Landgericht (LG) Hamburg entschieden, dass man durch die Anbringung eines Links, die Inhalte der gelinkten Seite ggf. mit zu verantworten hat. Dies kann \u2013 so das LG \u2013 nur dadurch verhindert werden, dass man sich ausdr\u00fccklich von diesen Inhalten distanziert. Hiermit distanziere ich mich ausdr\u00fccklich von allen Inhalten aller gelinkten Seiten auf dieser Seite. Diese Erkl\u00e4rung gilt f\u00fcr alle auf dieser Homepage angebrachten Links. F\u00fcr den Inhalt der verlinkten Seiten sind ausschlie\u00dflich deren Betreiber verantwortlich.<\/p>\n<h3>Urheberrecht<\/h3>\n<p>Die durch die Seitenbetreiber erstellten Inhalte und Werke auf diesen Seiten unterliegen dem deutschen Urheberrecht. Die Vervielf\u00e4ltigung, Bearbeitung, Verbreitung und jede Art der Verwertung au\u00dferhalb der Grenzen des Urheberrechtes bed\u00fcrfen der schriftlichen Zustimmung des jeweiligen Autors bzw. Erstellers. Downloads und Kopien dieser Seite sind nur f\u00fcr den privaten, nicht kommerziellen Gebrauch gestattet. Soweit die Inhalte auf dieser Seite nicht vom Betreiber erstellt wurden, werden die Urheberrechte Dritter beachtet. Insbesondere werden Inhalte Dritter als solche gekennzeichnet. Sollten Sie trotzdem auf eine Urheberrechtsverletzung aufmerksam werden, bitten wir um einen entsprechenden Hinweis. Bei Bekanntwerden von Rechtsverletzungen werde ich derartige Inhalte umgehend entfernen.<\/p>\n<p><a href=\"https:\/\/neuromed-berlin.de\/datenschutz\/\">Datenschutz<\/a><\/p>\n<p>[\/et_pb_text][\/et_pb_column][\/et_pb_row][\/et_pb_section]<\/p>\n","protected":false},"excerpt":{"rendered":"<p><div class=\"et_pb_row et_pb_row_0 et_pb_row_empty\">\n\t\t\t\t\n\t\t\t\t\n\t\t\t\t\n\t\t\t\t\n\t\t\t\t\n\t\t\t<\/div> Impressum und Datenschutzerkl\u00e4rung Dr. O. Wengert Arztpraxis Schlo\u00dfstra\u00dfe 30 12163 Berlin-Steglitz Kontakt: Telefon: 030-79788900 Telefax: 030-79788915 E-Mail: info Berufsspezifische Angaben: Die Berufsbezeichnung Arzt wurde in Deutschland verliehen. Zust\u00e4ndige \u00c4rztekammer: Landes\u00e4rztekammer Berlin Gesetzliche Berufsbezeichnung: Facharzt f\u00fcr Neurologie Zust\u00e4ndige Aufsichtsbeh\u00f6rde: \u00c4rztekammer Berlin Friedrichstra\u00dfe 16 10969 Berlin Es gelten folgende berufsrechtliche Regelungen: Berufsordnung der Landes\u00e4rztekammer Berlin Heilberufegesetz [&hellip;]<\/p>\n","protected":false},"author":1,"featured_media":0,"parent":0,"menu_order":100,"comment_status":"closed","ping_status":"closed","template":"","meta":{"_et_pb_use_builder":"on","_et_pb_old_content":"","_et_gb_content_width":"","footnotes":""},"class_list":["post-365","page","type-page","status-publish","hentry"],"yoast_head":"<!-- This site is optimized with the Yoast SEO plugin v26.3 - https:\/\/yoast.com\/wordpress\/plugins\/seo\/ -->\n<title>Impressum - Neuromed Berlin<\/title>\n<meta name=\"robots\" content=\"index, follow, max-snippet:-1, max-image-preview:large, max-video-preview:-1\" \/>\n<link rel=\"canonical\" href=\"https:\/\/neuromed-berlin.de\/el\/impressum\/\" \/>\n<meta property=\"og:locale\" content=\"el_GR\" \/>\n<meta property=\"og:type\" content=\"article\" \/>\n<meta property=\"og:title\" content=\"Impressum - Neuromed Berlin\" \/>\n<meta property=\"og:description\" content=\"Impressum und Datenschutzerkl\u00e4rung Dr. O. Wengert Arztpraxis Schlo\u00dfstra\u00dfe 30 12163 Berlin-Steglitz Kontakt: Telefon: 030-79788900 Telefax: 030-79788915 E-Mail: info@sport-neurologie.de Berufsspezifische Angaben: Die Berufsbezeichnung Arzt wurde in Deutschland verliehen. Zust\u00e4ndige \u00c4rztekammer: Landes\u00e4rztekammer Berlin Gesetzliche Berufsbezeichnung: Facharzt f\u00fcr Neurologie Zust\u00e4ndige Aufsichtsbeh\u00f6rde: \u00c4rztekammer Berlin Friedrichstra\u00dfe 16 10969 Berlin Es gelten folgende berufsrechtliche Regelungen: Berufsordnung der Landes\u00e4rztekammer Berlin Heilberufegesetz [&hellip;]\" \/>\n<meta property=\"og:url\" content=\"https:\/\/neuromed-berlin.de\/el\/impressum\/\" \/>\n<meta property=\"og:site_name\" content=\"Neuromed Berlin\" \/>\n<meta property=\"article:modified_time\" content=\"2017-10-11T15:39:22+00:00\" \/>\n<meta name=\"twitter:card\" content=\"summary_large_image\" \/>\n<meta name=\"twitter:label1\" content=\"\u0395\u03ba\u03c4\u03b9\u03bc\u03ce\u03bc\u03b5\u03bd\u03bf\u03c2 \u03c7\u03c1\u03cc\u03bd\u03bf\u03c2 \u03b1\u03bd\u03ac\u03b3\u03bd\u03c9\u03c3\u03b7\u03c2\" \/>\n\t<meta name=\"twitter:data1\" content=\"4 \u03bb\u03b5\u03c0\u03c4\u03ac\" \/>\n<script type=\"application\/ld+json\" class=\"yoast-schema-graph\">{\"@context\":\"https:\/\/schema.org\",\"@graph\":[{\"@type\":\"WebPage\",\"@id\":\"https:\/\/neuromed-berlin.de\/el\/impressum\/\",\"url\":\"https:\/\/neuromed-berlin.de\/el\/impressum\/\",\"name\":\"Impressum - Neuromed Berlin\",\"isPartOf\":{\"@id\":\"https:\/\/neuromed-berlin.de\/#website\"},\"datePublished\":\"2017-09-21T13:49:23+00:00\",\"dateModified\":\"2017-10-11T15:39:22+00:00\",\"breadcrumb\":{\"@id\":\"https:\/\/neuromed-berlin.de\/el\/impressum\/#breadcrumb\"},\"inLanguage\":\"el\",\"potentialAction\":[{\"@type\":\"ReadAction\",\"target\":[\"https:\/\/neuromed-berlin.de\/el\/impressum\/\"]}]},{\"@type\":\"BreadcrumbList\",\"@id\":\"https:\/\/neuromed-berlin.de\/el\/impressum\/#breadcrumb\",\"itemListElement\":[{\"@type\":\"ListItem\",\"position\":1,\"name\":\"Home\",\"item\":\"https:\/\/neuromed-berlin.de\/el\/\"},{\"@type\":\"ListItem\",\"position\":2,\"name\":\"Impressum\"}]},{\"@type\":\"WebSite\",\"@id\":\"https:\/\/neuromed-berlin.de\/#website\",\"url\":\"https:\/\/neuromed-berlin.de\/\",\"name\":\"Neuromed Berlin\",\"description\":\"\",\"potentialAction\":[{\"@type\":\"SearchAction\",\"target\":{\"@type\":\"EntryPoint\",\"urlTemplate\":\"https:\/\/neuromed-berlin.de\/?s={search_term_string}\"},\"query-input\":{\"@type\":\"PropertyValueSpecification\",\"valueRequired\":true,\"valueName\":\"search_term_string\"}}],\"inLanguage\":\"el\"}]}<\/script>\n<!-- \/ Yoast SEO plugin. -->","yoast_head_json":{"title":"Impressum - Neuromed Berlin","robots":{"index":"index","follow":"follow","max-snippet":"max-snippet:-1","max-image-preview":"max-image-preview:large","max-video-preview":"max-video-preview:-1"},"canonical":"https:\/\/neuromed-berlin.de\/el\/impressum\/","og_locale":"el_GR","og_type":"article","og_title":"Impressum - Neuromed Berlin","og_description":"Impressum und Datenschutzerkl\u00e4rung Dr. O. Wengert Arztpraxis Schlo\u00dfstra\u00dfe 30 12163 Berlin-Steglitz Kontakt: Telefon: 030-79788900 Telefax: 030-79788915 E-Mail: info@sport-neurologie.de Berufsspezifische Angaben: Die Berufsbezeichnung Arzt wurde in Deutschland verliehen. Zust\u00e4ndige \u00c4rztekammer: Landes\u00e4rztekammer Berlin Gesetzliche Berufsbezeichnung: Facharzt f\u00fcr Neurologie Zust\u00e4ndige Aufsichtsbeh\u00f6rde: \u00c4rztekammer Berlin Friedrichstra\u00dfe 16 10969 Berlin Es gelten folgende berufsrechtliche Regelungen: Berufsordnung der Landes\u00e4rztekammer Berlin Heilberufegesetz [&hellip;]","og_url":"https:\/\/neuromed-berlin.de\/el\/impressum\/","og_site_name":"Neuromed Berlin","article_modified_time":"2017-10-11T15:39:22+00:00","twitter_card":"summary_large_image","twitter_misc":{"\u0395\u03ba\u03c4\u03b9\u03bc\u03ce\u03bc\u03b5\u03bd\u03bf\u03c2 \u03c7\u03c1\u03cc\u03bd\u03bf\u03c2 \u03b1\u03bd\u03ac\u03b3\u03bd\u03c9\u03c3\u03b7\u03c2":"4 \u03bb\u03b5\u03c0\u03c4\u03ac"},"schema":{"@context":"https:\/\/schema.org","@graph":[{"@type":"WebPage","@id":"https:\/\/neuromed-berlin.de\/el\/impressum\/","url":"https:\/\/neuromed-berlin.de\/el\/impressum\/","name":"Impressum - Neuromed Berlin","isPartOf":{"@id":"https:\/\/neuromed-berlin.de\/#website"},"datePublished":"2017-09-21T13:49:23+00:00","dateModified":"2017-10-11T15:39:22+00:00","breadcrumb":{"@id":"https:\/\/neuromed-berlin.de\/el\/impressum\/#breadcrumb"},"inLanguage":"el","potentialAction":[{"@type":"ReadAction","target":["https:\/\/neuromed-berlin.de\/el\/impressum\/"]}]},{"@type":"BreadcrumbList","@id":"https:\/\/neuromed-berlin.de\/el\/impressum\/#breadcrumb","itemListElement":[{"@type":"ListItem","position":1,"name":"Home","item":"https:\/\/neuromed-berlin.de\/el\/"},{"@type":"ListItem","position":2,"name":"Impressum"}]},{"@type":"WebSite","@id":"https:\/\/neuromed-berlin.de\/#website","url":"https:\/\/neuromed-berlin.de\/","name":"Neuromed Berlin","description":"","potentialAction":[{"@type":"SearchAction","target":{"@type":"EntryPoint","urlTemplate":"https:\/\/neuromed-berlin.de\/?s={search_term_string}"},"query-input":{"@type":"PropertyValueSpecification","valueRequired":true,"valueName":"search_term_string"}}],"inLanguage":"el"}]}},"_links":{"self":[{"href":"https:\/\/neuromed-berlin.de\/el\/wp-json\/wp\/v2\/pages\/365","targetHints":{"allow":["GET"]}}],"collection":[{"href":"https:\/\/neuromed-berlin.de\/el\/wp-json\/wp\/v2\/pages"}],"about":[{"href":"https:\/\/neuromed-berlin.de\/el\/wp-json\/wp\/v2\/types\/page"}],"author":[{"embeddable":true,"href":"https:\/\/neuromed-berlin.de\/el\/wp-json\/wp\/v2\/users\/1"}],"replies":[{"embeddable":true,"href":"https:\/\/neuromed-berlin.de\/el\/wp-json\/wp\/v2\/comments?post=365"}],"version-history":[{"count":1,"href":"https:\/\/neuromed-berlin.de\/el\/wp-json\/wp\/v2\/pages\/365\/revisions"}],"predecessor-version":[{"id":366,"href":"https:\/\/neuromed-berlin.de\/el\/wp-json\/wp\/v2\/pages\/365\/revisions\/366"}],"wp:attachment":[{"href":"https:\/\/neuromed-berlin.de\/el\/wp-json\/wp\/v2\/media?parent=365"}],"curies":[{"name":"wp","href":"https:\/\/api.w.org\/{rel}","templated":true}]}}