{"id":1722,"date":"2020-03-16T12:08:56","date_gmt":"2020-03-16T12:08:56","guid":{"rendered":"https:\/\/neuromed-berlin.de\/coronavirus-aktuelle-informationen\/"},"modified":"2023-01-16T11:09:03","modified_gmt":"2023-01-16T11:09:03","slug":"coronavirus-information","status":"publish","type":"page","link":"https:\/\/neuromed-berlin.de\/en\/coronavirus-information\/","title":{"rendered":"Coronavirus: Information"},"content":{"rendered":"<p>[et_pb_section fb_built=&#8221;1&#8243; fullwidth=&#8221;on&#8221; _builder_version=&#8221;3.22&#8243; global_colors_info=&#8221;{}&#8221;][et_pb_fullwidth_code admin_label=&#8221;Slideshow&#8221; _builder_version=&#8221;4.0.9&#8243; global_colors_info=&#8221;{}&#8221;]\n\t\t\t<!-- START coronavirus  aktuelle info REVOLUTION SLIDER 6.7.38 --><p class=\"rs-p-wp-fix\"><\/p>\n\t\t\t<rs-module-wrap id=\"rev_slider_20_1_wrapper\" data-source=\"gallery\" style=\"visibility:hidden;background:transparent;padding:0;margin:0px auto;margin-top:0;margin-bottom:0;\">\n\t\t\t\t<rs-module id=\"rev_slider_20_1\" style=\"\" data-version=\"6.7.38\">\n\t\t\t\t\t<rs-slides style=\"overflow: hidden; position: absolute;\">\n\t\t\t\t\t\t<rs-slide style=\"position: absolute;\" data-key=\"rs-63\" data-title=\"Slide\" data-anim=\"adpr:false;\">\n\t\t\t\t\t\t\t<img decoding=\"async\" src=\"\/\/neuromed-berlin.de\/wp-content\/plugins\/revslider\/sr6\/assets\/assets\/dummy.png\" alt=\"\" title=\"Coronavirus: Information\" class=\"rev-slidebg tp-rs-img rs-lazyload\" data-lazyload=\"\/\/neuromed-berlin.de\/wp-content\/uploads\/corona-slider-1.jpg\" data-bg=\"p:0% 90%;\" data-no-retina>\n<!--\n\t\t\t\t\t\t\t--><rs-layer\n\t\t\t\t\t\t\t\tid=\"slider-20-slide-63-layer-1\" \n\t\t\t\t\t\t\t\tdata-type=\"image\"\n\t\t\t\t\t\t\t\tdata-rsp_ch=\"on\"\n\t\t\t\t\t\t\t\tdata-xy=\"xo:880px;yo:310px;\"\n\t\t\t\t\t\t\t\tdata-text=\"l:22;a:inherit;\"\n\t\t\t\t\t\t\t\tdata-dim=\"w:[&#039;196px&#039;,&#039;196px&#039;,&#039;196px&#039;,&#039;196px&#039;];h:[&#039;177px&#039;,&#039;177px&#039;,&#039;177px&#039;,&#039;177px&#039;];\"\n\t\t\t\t\t\t\t\tdata-vbility=\"t,t,f,f\"\n\t\t\t\t\t\t\t\tdata-frame_0=\"tp:600;\"\n\t\t\t\t\t\t\t\tdata-frame_1=\"tp:600;st:0;\"\n\t\t\t\t\t\t\t\tdata-frame_999=\"o:0;tp:600;st:w;sR:4700;\"\n\t\t\t\t\t\t\t\tstyle=\"z-index:5;\"\n\t\t\t\t\t\t\t><img decoding=\"async\" src=\"\/\/neuromed-berlin.de\/wp-content\/plugins\/revslider\/sr6\/assets\/assets\/dummy.png\" alt=\"\" class=\"tp-rs-img rs-lazyload\" width=\"424\" height=\"383\" data-lazyload=\"\/\/neuromed-berlin.de\/wp-content\/uploads\/2018\/04\/NMB_Wasserzeichen@2x.png\" data-no-retina> \n\t\t\t\t\t\t\t<\/rs-layer><!--\n-->\t\t\t\t\t<\/rs-slide>\n\t\t\t\t\t\t<rs-slide style=\"position: absolute;\" data-key=\"rs-68\" data-title=\"Slide\" data-anim=\"adpr:false;\">\n\t\t\t\t\t\t\t<img decoding=\"async\" src=\"\/\/neuromed-berlin.de\/wp-content\/plugins\/revslider\/sr6\/assets\/assets\/dummy.png\" alt=\"\" title=\"Coronavirus: Information\" class=\"rev-slidebg tp-rs-img rs-lazyload\" data-lazyload=\"\/\/neuromed-berlin.de\/wp-content\/uploads\/corona-slider-2.jpg\" data-bg=\"p:0% 80%;\" data-no-retina>\n<!--\n\t\t\t\t\t\t\t--><rs-layer\n\t\t\t\t\t\t\t\tid=\"slider-20-slide-68-layer-1\" \n\t\t\t\t\t\t\t\tdata-type=\"image\"\n\t\t\t\t\t\t\t\tdata-rsp_ch=\"on\"\n\t\t\t\t\t\t\t\tdata-xy=\"xo:880px;yo:310px;\"\n\t\t\t\t\t\t\t\tdata-text=\"l:22;a:inherit;\"\n\t\t\t\t\t\t\t\tdata-dim=\"w:[&#039;196px&#039;,&#039;196px&#039;,&#039;196px&#039;,&#039;196px&#039;];h:[&#039;177px&#039;,&#039;177px&#039;,&#039;177px&#039;,&#039;177px&#039;];\"\n\t\t\t\t\t\t\t\tdata-vbility=\"t,t,f,f\"\n\t\t\t\t\t\t\t\tdata-frame_0=\"tp:600;\"\n\t\t\t\t\t\t\t\tdata-frame_1=\"tp:600;st:0;\"\n\t\t\t\t\t\t\t\tdata-frame_999=\"o:0;tp:600;st:w;sR:4700;\"\n\t\t\t\t\t\t\t\tstyle=\"z-index:5;\"\n\t\t\t\t\t\t\t><img decoding=\"async\" src=\"\/\/neuromed-berlin.de\/wp-content\/plugins\/revslider\/sr6\/assets\/assets\/dummy.png\" alt=\"\" class=\"tp-rs-img rs-lazyload\" width=\"424\" height=\"383\" data-lazyload=\"\/\/neuromed-berlin.de\/wp-content\/uploads\/2018\/04\/NMB_Wasserzeichen@2x.png\" data-no-retina> \n\t\t\t\t\t\t\t<\/rs-layer><!--\n-->\t\t\t\t\t<\/rs-slide>\n\t\t\t\t\t\t<rs-slide style=\"position: absolute;\" data-key=\"rs-69\" data-title=\"Slide\" data-anim=\"adpr:false;\">\n\t\t\t\t\t\t\t<img decoding=\"async\" src=\"\/\/neuromed-berlin.de\/wp-content\/plugins\/revslider\/sr6\/assets\/assets\/dummy.png\" alt=\"\" title=\"Coronavirus: Information\" class=\"rev-slidebg tp-rs-img rs-lazyload\" data-lazyload=\"\/\/neuromed-berlin.de\/wp-content\/uploads\/2018\/07\/BrittaWeisser_OliverWengertPractice_final_006-1.jpg\" data-bg=\"p:0% 70%;\" data-no-retina>\n<!--\n\t\t\t\t\t\t\t--><rs-layer\n\t\t\t\t\t\t\t\tid=\"slider-20-slide-69-layer-1\" \n\t\t\t\t\t\t\t\tdata-type=\"image\"\n\t\t\t\t\t\t\t\tdata-rsp_ch=\"on\"\n\t\t\t\t\t\t\t\tdata-xy=\"xo:880px;yo:310px;\"\n\t\t\t\t\t\t\t\tdata-text=\"l:22;a:inherit;\"\n\t\t\t\t\t\t\t\tdata-dim=\"w:[&#039;196px&#039;,&#039;196px&#039;,&#039;196px&#039;,&#039;196px&#039;];h:[&#039;177px&#039;,&#039;177px&#039;,&#039;177px&#039;,&#039;177px&#039;];\"\n\t\t\t\t\t\t\t\tdata-vbility=\"t,t,f,f\"\n\t\t\t\t\t\t\t\tdata-frame_0=\"tp:600;\"\n\t\t\t\t\t\t\t\tdata-frame_1=\"tp:600;st:0;\"\n\t\t\t\t\t\t\t\tdata-frame_999=\"o:0;tp:600;st:w;sR:4700;\"\n\t\t\t\t\t\t\t\tstyle=\"z-index:5;\"\n\t\t\t\t\t\t\t><img decoding=\"async\" src=\"\/\/neuromed-berlin.de\/wp-content\/plugins\/revslider\/sr6\/assets\/assets\/dummy.png\" alt=\"\" class=\"tp-rs-img rs-lazyload\" width=\"424\" height=\"383\" data-lazyload=\"\/\/neuromed-berlin.de\/wp-content\/uploads\/2018\/04\/NMB_Wasserzeichen@2x.png\" data-no-retina> \n\t\t\t\t\t\t\t<\/rs-layer><!--\n-->\t\t\t\t\t<\/rs-slide>\n\t\t\t\t\t<\/rs-slides>\n\t\t\t\t<\/rs-module>\n\t\t\t\t<script>\n\t\t\t\t\tsetREVStartSize({c: 'rev_slider_20_1',rl:[1240,1240,1240,480],el:[],gw:[1080,1080,1080,480],gh:[700,700,700,720],type:'standard',justify:'',layout:'fullwidth',mh:\"0\"});if (window.RS_MODULES!==undefined && window.RS_MODULES.modules!==undefined && window.RS_MODULES.modules[\"revslider201\"]!==undefined) {window.RS_MODULES.modules[\"revslider201\"].once = false;window.revapi20 = undefined;if (window.RS_MODULES.checkMinimal!==undefined) window.RS_MODULES.checkMinimal()}\n\t\t\t\t<\/script>\n\t\t\t<\/rs-module-wrap>\n\t\t\t<!-- END REVOLUTION SLIDER -->\n[\/et_pb_fullwidth_code][et_pb_fullwidth_code admin_label=&#8221;Slideshow text&#8221; module_class=&#8221;caption-sliders&#8221; _builder_version=&#8221;4.0.9&#8243; saved_tabs=&#8221;all&#8221; global_colors_info=&#8221;{}&#8221;]<\/p>\n<div class=\"container\">\n<div class=\"homepage-slider-text\">Coronavirus: <span class=\"blue-slider-text\">current Information<\/span><\/div>\n<\/div>\n<p>[\/et_pb_fullwidth_code][\/et_pb_section][et_pb_section fb_built=&#8221;1&#8243; _builder_version=&#8221;3.22&#8243; global_colors_info=&#8221;{}&#8221;][et_pb_row _builder_version=&#8221;3.25&#8243; background_size=&#8221;initial&#8221; background_position=&#8221;top_left&#8221; background_repeat=&#8221;repeat&#8221; global_colors_info=&#8221;{}&#8221;][et_pb_column type=&#8221;4_4&#8243; _builder_version=&#8221;3.25&#8243; custom_padding=&#8221;|||&#8221; global_colors_info=&#8221;{}&#8221; custom_padding__hover=&#8221;|||&#8221;][et_pb_text admin_label=&#8221;Klug eingesetzte technische Untersuchungen dienen dazu, bestimmte Fragen zu beantworten&#8221; _builder_version=&#8221;4.0.9&#8243; border_style=&#8221;solid&#8221; global_colors_info=&#8221;{}&#8221;]Wir haben uns intensive Gedanken gemacht und sehen f\u00fcr unser Gesundheitssystem aktuell 3 Hauptaufgaben: Erstens m\u00fcssen an Coronavirus Erkrankte ad\u00e4quat behandelt werden k\u00f6nnen, das hei\u00dft auch, die sah der Infizierten so gering zu halten, damit die Kapazit\u00e4ten unserer Gesundheitssystem auch in den n\u00e4chsten Wochen ausreichen werden. Dazu geh\u00f6ren die aktuellen Ma\u00dfnahmen zur Verminderung der Ausbreitung.<\/p>\n<p>Zweitens m\u00fcssen Hochrisikopatienten vor dem Virus gesch\u00fctzt werden. Drittens sollte die medizinische Versorgung von Nicht-Coronavirus-Patienten sichergestellt sein.<\/p>\n<p>Unsere Rolle als Neurologen ist zum momentanen Zeitpunkt mit dem dritten Punkt beschrieben, die Behandlung neurologischer Probleme zu gew\u00e4hrleisten. Daf\u00fcr versuchen wir unsere Arbeit so umzustellen, um einen m\u00f6glichst sicheren Raum f\u00fcr unsere Patienten zu bieten. Auch f\u00fcr uns. Wenn Arztpraxen unter Quarant\u00e4ne gestellt werden, leidet die Versorgung. Besondere Zeiten verlangen besondere Ma\u00dfnahmen. Wir hoffen auf Ihre Solidarit\u00e4t und auf Ihr Verst\u00e4ndnis.<\/p>\n<p><strong>Was wir tun k\u00f6nnen:<\/strong><br \/>\n&#8211; Sicherheitsabstand 1,5m ist gew\u00e4hrleistet, sowohl an der Anmeldung als auch im Wartezimmer<br \/>\n&#8211; Es befindet sich maximal ein weiterer Patient im Wartezimmer. Wir haben ein zweites Wartezimmer eingerichtet, so da\u00df Sie dort warten k\u00f6nnen.<br \/>\n&#8211; Bei neurologischer Untersuchung:<br \/>\n&#8211; Alle Praxisr\u00e4ume werden nach jedem Termin durchgel\u00fcftet.<br \/>\n&#8211; Wir achten auf gr\u00fcndliches H\u00e4ndewaschen und H\u00e4ndedesinfektion.<br \/>\n&#8211; Keiner der Mitarbeiter der Praxis hat Corona-Virus-Symptome.<\/p>\n<p><strong>Was Sie tun k\u00f6nnen:<\/strong><br \/>\n&#8211; Achten Sie bitte an jeder Stelle auf den Sicherheitsabstand von 1,5m.<br \/>\n&#8211; Bitte kommen Sie p\u00fcnktlich (ca 5min vor dem Termin). So k\u00f6nnen wir die Wartezimmer aufteilen.<br \/>\n&#8211; Bitte haben Sie Verst\u00e4ndnis: Sie klingeln und werden dann einzeln eingelassen.<\/p>\n<p><strong>Bitte kommen Sie <span style=\"text-decoration: underline\">nicht<\/span>, wenn Sie:<\/strong><br \/>\n&#8211; Infektsymptome haben, die auf das Corona-Virus hinweisen k\u00f6nnen.<br \/>\n&#8211; Fieber haben<br \/>\n&#8211; Kontakt zu einem an Corona-Virus Erkrankten hatten<br \/>\n&#8211; Aus einem Hochrisikogebiet kommen<\/p>\n<p><strong>Ich kann leider nicht zu Ihnen in die Praxis kommen, habe aber trotzdem eine Frage<\/strong><br \/>\n&#8211; F\u00fcr diesen Fall richten wir eine <a href=\"\/online-sprechstunde\/\">Online-Sprechstunde<\/a> ein.[\/et_pb_text][\/et_pb_column][\/et_pb_row][\/et_pb_section]<\/p>\n","protected":false},"excerpt":{"rendered":"<p>\n\t\t\t<!-- START coronavirus  aktuelle info REVOLUTION SLIDER 6.7.38 --><p class=\"rs-p-wp-fix\"><\/p>\n\t\t\t<rs-module-wrap id=\"rev_slider_20_2_wrapper\" data-source=\"gallery\" style=\"visibility:hidden;background:transparent;padding:0;margin:0px auto;margin-top:0;margin-bottom:0;\">\n\t\t\t\t<rs-module id=\"rev_slider_20_2\" style=\"\" data-version=\"6.7.38\">\n\t\t\t\t\t<rs-slides style=\"overflow: hidden; position: absolute;\">\n\t\t\t\t\t\t<rs-slide style=\"position: absolute;\" data-key=\"rs-63\" data-title=\"Slide\" data-anim=\"adpr:false;\">\n\t\t\t\t\t\t\t<img decoding=\"async\" src=\"\/\/neuromed-berlin.de\/wp-content\/plugins\/revslider\/sr6\/assets\/assets\/dummy.png\" alt=\"\" title=\"Coronavirus: Information\" class=\"rev-slidebg tp-rs-img rs-lazyload\" data-lazyload=\"\/\/neuromed-berlin.de\/wp-content\/uploads\/corona-slider-1.jpg\" data-bg=\"p:0% 90%;\" data-no-retina>\n<!--\n\t\t\t\t\t\t\t--><rs-layer\n\t\t\t\t\t\t\t\tid=\"slider-20-slide-63-layer-1\" \n\t\t\t\t\t\t\t\tdata-type=\"image\"\n\t\t\t\t\t\t\t\tdata-rsp_ch=\"on\"\n\t\t\t\t\t\t\t\tdata-xy=\"xo:880px;yo:310px;\"\n\t\t\t\t\t\t\t\tdata-text=\"l:22;a:inherit;\"\n\t\t\t\t\t\t\t\tdata-dim=\"w:[&#039;196px&#039;,&#039;196px&#039;,&#039;196px&#039;,&#039;196px&#039;];h:[&#039;177px&#039;,&#039;177px&#039;,&#039;177px&#039;,&#039;177px&#039;];\"\n\t\t\t\t\t\t\t\tdata-vbility=\"t,t,f,f\"\n\t\t\t\t\t\t\t\tdata-frame_0=\"tp:600;\"\n\t\t\t\t\t\t\t\tdata-frame_1=\"tp:600;st:0;\"\n\t\t\t\t\t\t\t\tdata-frame_999=\"o:0;tp:600;st:w;sR:4700;\"\n\t\t\t\t\t\t\t\tstyle=\"z-index:5;\"\n\t\t\t\t\t\t\t><img decoding=\"async\" src=\"\/\/neuromed-berlin.de\/wp-content\/plugins\/revslider\/sr6\/assets\/assets\/dummy.png\" alt=\"\" class=\"tp-rs-img rs-lazyload\" width=\"424\" height=\"383\" data-lazyload=\"\/\/neuromed-berlin.de\/wp-content\/uploads\/2018\/04\/NMB_Wasserzeichen@2x.png\" data-no-retina> \n\t\t\t\t\t\t\t<\/rs-layer><!--\n-->\t\t\t\t\t<\/rs-slide>\n\t\t\t\t\t\t<rs-slide style=\"position: absolute;\" data-key=\"rs-68\" data-title=\"Slide\" data-anim=\"adpr:false;\">\n\t\t\t\t\t\t\t<img decoding=\"async\" src=\"\/\/neuromed-berlin.de\/wp-content\/plugins\/revslider\/sr6\/assets\/assets\/dummy.png\" alt=\"\" title=\"Coronavirus: Information\" class=\"rev-slidebg tp-rs-img rs-lazyload\" data-lazyload=\"\/\/neuromed-berlin.de\/wp-content\/uploads\/corona-slider-2.jpg\" data-bg=\"p:0% 80%;\" data-no-retina>\n<!--\n\t\t\t\t\t\t\t--><rs-layer\n\t\t\t\t\t\t\t\tid=\"slider-20-slide-68-layer-1\" \n\t\t\t\t\t\t\t\tdata-type=\"image\"\n\t\t\t\t\t\t\t\tdata-rsp_ch=\"on\"\n\t\t\t\t\t\t\t\tdata-xy=\"xo:880px;yo:310px;\"\n\t\t\t\t\t\t\t\tdata-text=\"l:22;a:inherit;\"\n\t\t\t\t\t\t\t\tdata-dim=\"w:[&#039;196px&#039;,&#039;196px&#039;,&#039;196px&#039;,&#039;196px&#039;];h:[&#039;177px&#039;,&#039;177px&#039;,&#039;177px&#039;,&#039;177px&#039;];\"\n\t\t\t\t\t\t\t\tdata-vbility=\"t,t,f,f\"\n\t\t\t\t\t\t\t\tdata-frame_0=\"tp:600;\"\n\t\t\t\t\t\t\t\tdata-frame_1=\"tp:600;st:0;\"\n\t\t\t\t\t\t\t\tdata-frame_999=\"o:0;tp:600;st:w;sR:4700;\"\n\t\t\t\t\t\t\t\tstyle=\"z-index:5;\"\n\t\t\t\t\t\t\t><img decoding=\"async\" src=\"\/\/neuromed-berlin.de\/wp-content\/plugins\/revslider\/sr6\/assets\/assets\/dummy.png\" alt=\"\" class=\"tp-rs-img rs-lazyload\" width=\"424\" height=\"383\" data-lazyload=\"\/\/neuromed-berlin.de\/wp-content\/uploads\/2018\/04\/NMB_Wasserzeichen@2x.png\" data-no-retina> \n\t\t\t\t\t\t\t<\/rs-layer><!--\n-->\t\t\t\t\t<\/rs-slide>\n\t\t\t\t\t\t<rs-slide style=\"position: absolute;\" data-key=\"rs-69\" data-title=\"Slide\" data-anim=\"adpr:false;\">\n\t\t\t\t\t\t\t<img decoding=\"async\" src=\"\/\/neuromed-berlin.de\/wp-content\/plugins\/revslider\/sr6\/assets\/assets\/dummy.png\" alt=\"\" title=\"Coronavirus: Information\" class=\"rev-slidebg tp-rs-img rs-lazyload\" data-lazyload=\"\/\/neuromed-berlin.de\/wp-content\/uploads\/2018\/07\/BrittaWeisser_OliverWengertPractice_final_006-1.jpg\" data-bg=\"p:0% 70%;\" data-no-retina>\n<!--\n\t\t\t\t\t\t\t--><rs-layer\n\t\t\t\t\t\t\t\tid=\"slider-20-slide-69-layer-1\" \n\t\t\t\t\t\t\t\tdata-type=\"image\"\n\t\t\t\t\t\t\t\tdata-rsp_ch=\"on\"\n\t\t\t\t\t\t\t\tdata-xy=\"xo:880px;yo:310px;\"\n\t\t\t\t\t\t\t\tdata-text=\"l:22;a:inherit;\"\n\t\t\t\t\t\t\t\tdata-dim=\"w:[&#039;196px&#039;,&#039;196px&#039;,&#039;196px&#039;,&#039;196px&#039;];h:[&#039;177px&#039;,&#039;177px&#039;,&#039;177px&#039;,&#039;177px&#039;];\"\n\t\t\t\t\t\t\t\tdata-vbility=\"t,t,f,f\"\n\t\t\t\t\t\t\t\tdata-frame_0=\"tp:600;\"\n\t\t\t\t\t\t\t\tdata-frame_1=\"tp:600;st:0;\"\n\t\t\t\t\t\t\t\tdata-frame_999=\"o:0;tp:600;st:w;sR:4700;\"\n\t\t\t\t\t\t\t\tstyle=\"z-index:5;\"\n\t\t\t\t\t\t\t><img decoding=\"async\" src=\"\/\/neuromed-berlin.de\/wp-content\/plugins\/revslider\/sr6\/assets\/assets\/dummy.png\" alt=\"\" class=\"tp-rs-img rs-lazyload\" width=\"424\" height=\"383\" data-lazyload=\"\/\/neuromed-berlin.de\/wp-content\/uploads\/2018\/04\/NMB_Wasserzeichen@2x.png\" data-no-retina> \n\t\t\t\t\t\t\t<\/rs-layer><!--\n-->\t\t\t\t\t<\/rs-slide>\n\t\t\t\t\t<\/rs-slides>\n\t\t\t\t<\/rs-module>\n\t\t\t\t<script>\n\t\t\t\t\tsetREVStartSize({c: 'rev_slider_20_2',rl:[1240,1240,1240,480],el:[],gw:[1080,1080,1080,480],gh:[700,700,700,720],type:'standard',justify:'',layout:'fullwidth',mh:\"0\"});if (window.RS_MODULES!==undefined && window.RS_MODULES.modules!==undefined && window.RS_MODULES.modules[\"revslider202\"]!==undefined) {window.RS_MODULES.modules[\"revslider202\"].once = false;window.revapi20_2 = undefined;if (window.RS_MODULES.checkMinimal!==undefined) window.RS_MODULES.checkMinimal()}\n\t\t\t\t<\/script>\n\t\t\t<\/rs-module-wrap>\n\t\t\t<!-- END REVOLUTION SLIDER -->\nWir haben uns intensive Gedanken gemacht und sehen f\u00fcr unser Gesundheitssystem aktuell 3 Hauptaufgaben: Erstens m\u00fcssen an Coronavirus Erkrankte ad\u00e4quat behandelt werden k\u00f6nnen, das hei\u00dft auch, die sah der Infizierten so gering zu halten, damit die Kapazit\u00e4ten unserer Gesundheitssystem auch in den n\u00e4chsten Wochen ausreichen werden. Dazu geh\u00f6ren die aktuellen Ma\u00dfnahmen zur Verminderung der [&hellip;]<\/p>\n","protected":false},"author":1,"featured_media":0,"parent":0,"menu_order":120,"comment_status":"closed","ping_status":"closed","template":"","meta":{"_et_pb_use_builder":"on","_et_pb_old_content":"","_et_gb_content_width":"","footnotes":""},"class_list":["post-1722","page","type-page","status-publish","hentry"],"yoast_head":"<!-- This site is optimized with the Yoast SEO plugin v26.3 - https:\/\/yoast.com\/wordpress\/plugins\/seo\/ -->\n<title>Coronavirus: Information - Neuromed Berlin<\/title>\n<meta name=\"robots\" content=\"index, follow, max-snippet:-1, max-image-preview:large, max-video-preview:-1\" \/>\n<link rel=\"canonical\" href=\"https:\/\/neuromed-berlin.de\/en\/coronavirus-information\/\" \/>\n<meta property=\"og:locale\" content=\"en_US\" \/>\n<meta property=\"og:type\" content=\"article\" \/>\n<meta property=\"og:title\" content=\"Coronavirus: Information - Neuromed Berlin\" \/>\n<meta property=\"og:description\" content=\"Wir haben uns intensive Gedanken gemacht und sehen f\u00fcr unser Gesundheitssystem aktuell 3 Hauptaufgaben: Erstens m\u00fcssen an Coronavirus Erkrankte ad\u00e4quat behandelt werden k\u00f6nnen, das hei\u00dft auch, die sah der Infizierten so gering zu halten, damit die Kapazit\u00e4ten unserer Gesundheitssystem auch in den n\u00e4chsten Wochen ausreichen werden. Dazu geh\u00f6ren die aktuellen Ma\u00dfnahmen zur Verminderung der [&hellip;]\" \/>\n<meta property=\"og:url\" content=\"https:\/\/neuromed-berlin.de\/en\/coronavirus-information\/\" \/>\n<meta property=\"og:site_name\" content=\"Neuromed Berlin\" \/>\n<meta property=\"article:modified_time\" content=\"2023-01-16T11:09:03+00:00\" \/>\n<meta name=\"twitter:card\" content=\"summary_large_image\" \/>\n<meta name=\"twitter:label1\" content=\"Est. reading time\" \/>\n\t<meta name=\"twitter:data1\" content=\"2 minutes\" \/>\n<script type=\"application\/ld+json\" class=\"yoast-schema-graph\">{\"@context\":\"https:\/\/schema.org\",\"@graph\":[{\"@type\":\"WebPage\",\"@id\":\"https:\/\/neuromed-berlin.de\/en\/coronavirus-information\/\",\"url\":\"https:\/\/neuromed-berlin.de\/en\/coronavirus-information\/\",\"name\":\"Coronavirus: Information - Neuromed Berlin\",\"isPartOf\":{\"@id\":\"https:\/\/neuromed-berlin.de\/#website\"},\"datePublished\":\"2020-03-16T12:08:56+00:00\",\"dateModified\":\"2023-01-16T11:09:03+00:00\",\"breadcrumb\":{\"@id\":\"https:\/\/neuromed-berlin.de\/en\/coronavirus-information\/#breadcrumb\"},\"inLanguage\":\"en-US\",\"potentialAction\":[{\"@type\":\"ReadAction\",\"target\":[\"https:\/\/neuromed-berlin.de\/en\/coronavirus-information\/\"]}]},{\"@type\":\"BreadcrumbList\",\"@id\":\"https:\/\/neuromed-berlin.de\/en\/coronavirus-information\/#breadcrumb\",\"itemListElement\":[{\"@type\":\"ListItem\",\"position\":1,\"name\":\"Home\",\"item\":\"https:\/\/neuromed-berlin.de\/en\/\"},{\"@type\":\"ListItem\",\"position\":2,\"name\":\"Coronavirus: Information\"}]},{\"@type\":\"WebSite\",\"@id\":\"https:\/\/neuromed-berlin.de\/#website\",\"url\":\"https:\/\/neuromed-berlin.de\/\",\"name\":\"Neuromed Berlin\",\"description\":\"\",\"potentialAction\":[{\"@type\":\"SearchAction\",\"target\":{\"@type\":\"EntryPoint\",\"urlTemplate\":\"https:\/\/neuromed-berlin.de\/?s={search_term_string}\"},\"query-input\":{\"@type\":\"PropertyValueSpecification\",\"valueRequired\":true,\"valueName\":\"search_term_string\"}}],\"inLanguage\":\"en-US\"}]}<\/script>\n<!-- \/ Yoast SEO plugin. -->","yoast_head_json":{"title":"Coronavirus: Information - Neuromed Berlin","robots":{"index":"index","follow":"follow","max-snippet":"max-snippet:-1","max-image-preview":"max-image-preview:large","max-video-preview":"max-video-preview:-1"},"canonical":"https:\/\/neuromed-berlin.de\/en\/coronavirus-information\/","og_locale":"en_US","og_type":"article","og_title":"Coronavirus: Information - Neuromed Berlin","og_description":"Wir haben uns intensive Gedanken gemacht und sehen f\u00fcr unser Gesundheitssystem aktuell 3 Hauptaufgaben: Erstens m\u00fcssen an Coronavirus Erkrankte ad\u00e4quat behandelt werden k\u00f6nnen, das hei\u00dft auch, die sah der Infizierten so gering zu halten, damit die Kapazit\u00e4ten unserer Gesundheitssystem auch in den n\u00e4chsten Wochen ausreichen werden. Dazu geh\u00f6ren die aktuellen Ma\u00dfnahmen zur Verminderung der [&hellip;]","og_url":"https:\/\/neuromed-berlin.de\/en\/coronavirus-information\/","og_site_name":"Neuromed Berlin","article_modified_time":"2023-01-16T11:09:03+00:00","twitter_card":"summary_large_image","twitter_misc":{"Est. reading time":"2 minutes"},"schema":{"@context":"https:\/\/schema.org","@graph":[{"@type":"WebPage","@id":"https:\/\/neuromed-berlin.de\/en\/coronavirus-information\/","url":"https:\/\/neuromed-berlin.de\/en\/coronavirus-information\/","name":"Coronavirus: Information - Neuromed Berlin","isPartOf":{"@id":"https:\/\/neuromed-berlin.de\/#website"},"datePublished":"2020-03-16T12:08:56+00:00","dateModified":"2023-01-16T11:09:03+00:00","breadcrumb":{"@id":"https:\/\/neuromed-berlin.de\/en\/coronavirus-information\/#breadcrumb"},"inLanguage":"en-US","potentialAction":[{"@type":"ReadAction","target":["https:\/\/neuromed-berlin.de\/en\/coronavirus-information\/"]}]},{"@type":"BreadcrumbList","@id":"https:\/\/neuromed-berlin.de\/en\/coronavirus-information\/#breadcrumb","itemListElement":[{"@type":"ListItem","position":1,"name":"Home","item":"https:\/\/neuromed-berlin.de\/en\/"},{"@type":"ListItem","position":2,"name":"Coronavirus: Information"}]},{"@type":"WebSite","@id":"https:\/\/neuromed-berlin.de\/#website","url":"https:\/\/neuromed-berlin.de\/","name":"Neuromed Berlin","description":"","potentialAction":[{"@type":"SearchAction","target":{"@type":"EntryPoint","urlTemplate":"https:\/\/neuromed-berlin.de\/?s={search_term_string}"},"query-input":{"@type":"PropertyValueSpecification","valueRequired":true,"valueName":"search_term_string"}}],"inLanguage":"en-US"}]}},"_links":{"self":[{"href":"https:\/\/neuromed-berlin.de\/en\/wp-json\/wp\/v2\/pages\/1722","targetHints":{"allow":["GET"]}}],"collection":[{"href":"https:\/\/neuromed-berlin.de\/en\/wp-json\/wp\/v2\/pages"}],"about":[{"href":"https:\/\/neuromed-berlin.de\/en\/wp-json\/wp\/v2\/types\/page"}],"author":[{"embeddable":true,"href":"https:\/\/neuromed-berlin.de\/en\/wp-json\/wp\/v2\/users\/1"}],"replies":[{"embeddable":true,"href":"https:\/\/neuromed-berlin.de\/en\/wp-json\/wp\/v2\/comments?post=1722"}],"version-history":[{"count":4,"href":"https:\/\/neuromed-berlin.de\/en\/wp-json\/wp\/v2\/pages\/1722\/revisions"}],"predecessor-version":[{"id":3240,"href":"https:\/\/neuromed-berlin.de\/en\/wp-json\/wp\/v2\/pages\/1722\/revisions\/3240"}],"wp:attachment":[{"href":"https:\/\/neuromed-berlin.de\/en\/wp-json\/wp\/v2\/media?parent=1722"}],"curies":[{"name":"wp","href":"https:\/\/api.w.org\/{rel}","templated":true}]}}