{"id":1725,"date":"2020-03-16T12:50:00","date_gmt":"2020-03-16T12:50:00","guid":{"rendered":"https:\/\/neuromed-berlin.de\/coronavirus-video-sprechstunde\/"},"modified":"2020-03-16T18:56:22","modified_gmt":"2020-03-16T18:56:22","slug":"coronavirus-video-consultation","status":"publish","type":"page","link":"https:\/\/neuromed-berlin.de\/en\/coronavirus-video-consultation\/","title":{"rendered":"Coronavirus Video Consultation"},"content":{"rendered":"<p>[et_pb_section fb_built=&#8221;1&#8243; fullwidth=&#8221;on&#8221; _builder_version=&#8221;3.22&#8243;][et_pb_fullwidth_code admin_label=&#8221;Slideshow&#8221; _builder_version=&#8221;4.0.9&#8243;]\n\t\t\t<!-- START coronavirusvideo REVOLUTION SLIDER 6.7.38 --><p class=\"rs-p-wp-fix\"><\/p>\n\t\t\t<rs-module-wrap id=\"rev_slider_21_1_wrapper\" data-source=\"gallery\" style=\"visibility:hidden;background:transparent;padding:0;margin:0px auto;margin-top:0;margin-bottom:0;\">\n\t\t\t\t<rs-module id=\"rev_slider_21_1\" style=\"\" data-version=\"6.7.38\">\n\t\t\t\t\t<rs-slides style=\"overflow: hidden; position: absolute;\">\n\t\t\t\t\t\t<rs-slide style=\"position: absolute;\" data-key=\"rs-70\" data-title=\"Slide\" data-anim=\"adpr:false;\">\n\t\t\t\t\t\t\t<img decoding=\"async\" src=\"\/\/neuromed-berlin.de\/wp-content\/plugins\/revslider\/sr6\/assets\/assets\/dummy.png\" alt=\"\" title=\"Coronavirus Video Consultation\" class=\"rev-slidebg tp-rs-img rs-lazyload\" data-lazyload=\"\/\/neuromed-berlin.de\/wp-content\/uploads\/MG_9772_voges-design.jpg\" data-bg=\"p:0% 40%;\" data-no-retina>\n<!--\n\t\t\t\t\t\t\t--><rs-layer\n\t\t\t\t\t\t\t\tid=\"slider-21-slide-70-layer-1\" \n\t\t\t\t\t\t\t\tdata-type=\"image\"\n\t\t\t\t\t\t\t\tdata-rsp_ch=\"on\"\n\t\t\t\t\t\t\t\tdata-xy=\"xo:880px;yo:310px;\"\n\t\t\t\t\t\t\t\tdata-text=\"l:22;a:inherit;\"\n\t\t\t\t\t\t\t\tdata-dim=\"w:[&#039;196px&#039;,&#039;196px&#039;,&#039;196px&#039;,&#039;196px&#039;];h:[&#039;177px&#039;,&#039;177px&#039;,&#039;177px&#039;,&#039;177px&#039;];\"\n\t\t\t\t\t\t\t\tdata-vbility=\"t,t,f,f\"\n\t\t\t\t\t\t\t\tdata-frame_0=\"tp:600;\"\n\t\t\t\t\t\t\t\tdata-frame_1=\"tp:600;st:0;\"\n\t\t\t\t\t\t\t\tdata-frame_999=\"o:0;tp:600;st:w;sR:4700;\"\n\t\t\t\t\t\t\t\tstyle=\"z-index:5;\"\n\t\t\t\t\t\t\t><img decoding=\"async\" src=\"\/\/neuromed-berlin.de\/wp-content\/plugins\/revslider\/sr6\/assets\/assets\/dummy.png\" alt=\"\" class=\"tp-rs-img rs-lazyload\" width=\"424\" height=\"383\" data-lazyload=\"\/\/neuromed-berlin.de\/wp-content\/uploads\/2018\/04\/NMB_Wasserzeichen@2x.png\" data-no-retina> \n\t\t\t\t\t\t\t<\/rs-layer><!--\n-->\t\t\t\t\t<\/rs-slide>\n\t\t\t\t\t\t<rs-slide style=\"position: absolute;\" data-key=\"rs-71\" data-title=\"Slide\" data-anim=\"adpr:false;\">\n\t\t\t\t\t\t\t<img decoding=\"async\" src=\"\/\/neuromed-berlin.de\/wp-content\/plugins\/revslider\/sr6\/assets\/assets\/dummy.png\" alt=\"\" title=\"Coronavirus Video Consultation\" class=\"rev-slidebg tp-rs-img rs-lazyload\" data-lazyload=\"\/\/neuromed-berlin.de\/wp-content\/uploads\/MG_9015_voges-design.jpg\" data-bg=\"p:0% 40%;\" data-no-retina>\n<!--\n\t\t\t\t\t\t\t--><rs-layer\n\t\t\t\t\t\t\t\tid=\"slider-21-slide-71-layer-1\" \n\t\t\t\t\t\t\t\tdata-type=\"image\"\n\t\t\t\t\t\t\t\tdata-rsp_ch=\"on\"\n\t\t\t\t\t\t\t\tdata-xy=\"xo:880px;yo:310px;\"\n\t\t\t\t\t\t\t\tdata-text=\"l:22;a:inherit;\"\n\t\t\t\t\t\t\t\tdata-dim=\"w:[&#039;196px&#039;,&#039;196px&#039;,&#039;196px&#039;,&#039;196px&#039;];h:[&#039;177px&#039;,&#039;177px&#039;,&#039;177px&#039;,&#039;177px&#039;];\"\n\t\t\t\t\t\t\t\tdata-vbility=\"t,t,f,f\"\n\t\t\t\t\t\t\t\tdata-frame_0=\"tp:600;\"\n\t\t\t\t\t\t\t\tdata-frame_1=\"tp:600;st:0;\"\n\t\t\t\t\t\t\t\tdata-frame_999=\"o:0;tp:600;st:w;sR:4700;\"\n\t\t\t\t\t\t\t\tstyle=\"z-index:5;\"\n\t\t\t\t\t\t\t><img decoding=\"async\" src=\"\/\/neuromed-berlin.de\/wp-content\/plugins\/revslider\/sr6\/assets\/assets\/dummy.png\" alt=\"\" class=\"tp-rs-img rs-lazyload\" width=\"424\" height=\"383\" data-lazyload=\"\/\/neuromed-berlin.de\/wp-content\/uploads\/2018\/04\/NMB_Wasserzeichen@2x.png\" data-no-retina> \n\t\t\t\t\t\t\t<\/rs-layer><!--\n-->\t\t\t\t\t<\/rs-slide>\n\t\t\t\t\t<\/rs-slides>\n\t\t\t\t<\/rs-module>\n\t\t\t\t<script>\n\t\t\t\t\tsetREVStartSize({c: 'rev_slider_21_1',rl:[1240,1240,1240,480],el:[],gw:[1080,1080,1080,480],gh:[700,700,700,720],type:'standard',justify:'',layout:'fullwidth',mh:\"0\"});if (window.RS_MODULES!==undefined && window.RS_MODULES.modules!==undefined && window.RS_MODULES.modules[\"revslider211\"]!==undefined) {window.RS_MODULES.modules[\"revslider211\"].once = false;window.revapi21 = undefined;if (window.RS_MODULES.checkMinimal!==undefined) window.RS_MODULES.checkMinimal()}\n\t\t\t\t<\/script>\n\t\t\t<\/rs-module-wrap>\n\t\t\t<!-- END REVOLUTION SLIDER -->\n[\/et_pb_fullwidth_code][et_pb_fullwidth_code admin_label=&#8221;Slideshow text&#8221; module_class=&#8221;caption-sliders&#8221; _builder_version=&#8221;4.0.9&#8243; saved_tabs=&#8221;all&#8221;]<\/p>\n<div class=\"container\">\n<div class=\"homepage-slider-text\">Video Consultation<\/div>\n<\/div>\n<p>[\/et_pb_fullwidth_code][\/et_pb_section][et_pb_section fb_built=&#8221;1&#8243; _builder_version=&#8221;3.22&#8243;][et_pb_row column_structure=&#8221;2_5,3_5&#8243; _builder_version=&#8221;3.25&#8243; background_size=&#8221;initial&#8221; background_position=&#8221;top_left&#8221; background_repeat=&#8221;repeat&#8221;][et_pb_column type=&#8221;2_5&#8243; _builder_version=&#8221;3.25&#8243; custom_padding=&#8221;|||&#8221; custom_padding__hover=&#8221;|||&#8221;][et_pb_image src=&#8221;https:\/\/neuromed-berlin.de\/wp-content\/uploads\/coronavirus-video-page.jpg&#8221; _builder_version=&#8221;4.0.9&#8243;][\/et_pb_image][\/et_pb_column][et_pb_column type=&#8221;3_5&#8243; _builder_version=&#8221;3.25&#8243; custom_padding=&#8221;|||&#8221; custom_padding__hover=&#8221;|||&#8221;][et_pb_text admin_label=&#8221;Schutz vor dem Corona-Virus: Onlinesprechstunde Neurologie&#8221; _builder_version=&#8221;4.0.9&#8243; border_style=&#8221;solid&#8221;]<\/p>\n<h2><strong>Schutz vor dem Corona-Virus: Onlinesprechstunde Neurologie<\/strong><\/h2>\n<p>Wir bieten ab sofort eine Video-Sprechstunde f\u00fcr Neurologie an, um die neurologische Behandlung unserer Patienten weiterf\u00fchren zu k\u00f6nnen. Das hei\u00dft, Sie bleiben zu Hause und kommen trotzdem zu uns in die Praxis.<\/p>\n<h2><strong>F\u00fcr wen ist die Videosprechstunde geeignet:<\/strong><\/h2>\n<p><strong>&#8211; Kontrolluntersuchungen:<\/strong><br \/>\nPatienten die bereits bei uns in der Praxis waren k\u00f6nnen sich f\u00fcr einen Kontrolltermin f\u00fcr die Videosprechstunde anmelden.<\/p>\n<p><strong>&#8211; Medizinische Beratung:<\/strong><br \/>\nBei uns unbekannten Patienten, d.h. bei Patienten die noch nicht bei uns Inder Praxis waren, ist nur eine allgemeine krankheitsbezogene Beratung m\u00f6glich. Wir d\u00fcrfen in diesem falle keine individuellen Diagnosen stellen.<\/p>\n<p>Wir d\u00fcrfen aber allgemein zu medizinischen Themen beraten. Zum Beispiel d\u00fcrfen wir allgemeine Informationen \u00fcber eine Erkrankung oder auch die die Vor- und Nachteile einer Behandlung erkl\u00e4ren.[\/et_pb_text][\/et_pb_column][\/et_pb_row][\/et_pb_section][et_pb_section fb_built=&#8221;1&#8243; module_id=&#8221;termine-homepage&#8221; module_class=&#8221;grey-bg-blue-text&#8221; _builder_version=&#8221;4.0.9&#8243; background_color=&#8221;#eeeff1&#8243;][et_pb_row _builder_version=&#8221;3.25&#8243; background_size=&#8221;initial&#8221; background_position=&#8221;top_left&#8221; background_repeat=&#8221;repeat&#8221;][et_pb_column type=&#8221;4_4&#8243; _builder_version=&#8221;3.25&#8243; custom_padding=&#8221;|||&#8221; custom_padding__hover=&#8221;|||&#8221;][et_pb_text admin_label=&#8221;Termine Info&#8221; module_id=&#8221;termine-homepage&#8221; _builder_version=&#8221;4.0.9&#8243; border_style=&#8221;solid&#8221;]<\/p>\n<p><strong>Stand 15.3.2020:<\/strong><br \/>\nWir arbeiten mit Hochdruck an der Einrichtung einer Videosprechstunde.<br \/>\nWir hoffen, dies in den n\u00e4chsten tagen konkret anbieten zu k\u00f6nnen.<\/p>\n<p>[\/et_pb_text][\/et_pb_column][\/et_pb_row][\/et_pb_section]<\/p>\n","protected":false},"excerpt":{"rendered":"<p>\n\t\t\t<!-- START coronavirusvideo REVOLUTION SLIDER 6.7.38 --><p class=\"rs-p-wp-fix\"><\/p>\n\t\t\t<rs-module-wrap id=\"rev_slider_21_2_wrapper\" data-source=\"gallery\" style=\"visibility:hidden;background:transparent;padding:0;margin:0px auto;margin-top:0;margin-bottom:0;\">\n\t\t\t\t<rs-module id=\"rev_slider_21_2\" style=\"\" data-version=\"6.7.38\">\n\t\t\t\t\t<rs-slides style=\"overflow: hidden; position: absolute;\">\n\t\t\t\t\t\t<rs-slide style=\"position: absolute;\" data-key=\"rs-70\" data-title=\"Slide\" data-anim=\"adpr:false;\">\n\t\t\t\t\t\t\t<img decoding=\"async\" src=\"\/\/neuromed-berlin.de\/wp-content\/plugins\/revslider\/sr6\/assets\/assets\/dummy.png\" alt=\"\" title=\"Coronavirus Video Consultation\" class=\"rev-slidebg tp-rs-img rs-lazyload\" data-lazyload=\"\/\/neuromed-berlin.de\/wp-content\/uploads\/MG_9772_voges-design.jpg\" data-bg=\"p:0% 40%;\" data-no-retina>\n<!--\n\t\t\t\t\t\t\t--><rs-layer\n\t\t\t\t\t\t\t\tid=\"slider-21-slide-70-layer-1\" \n\t\t\t\t\t\t\t\tdata-type=\"image\"\n\t\t\t\t\t\t\t\tdata-rsp_ch=\"on\"\n\t\t\t\t\t\t\t\tdata-xy=\"xo:880px;yo:310px;\"\n\t\t\t\t\t\t\t\tdata-text=\"l:22;a:inherit;\"\n\t\t\t\t\t\t\t\tdata-dim=\"w:[&#039;196px&#039;,&#039;196px&#039;,&#039;196px&#039;,&#039;196px&#039;];h:[&#039;177px&#039;,&#039;177px&#039;,&#039;177px&#039;,&#039;177px&#039;];\"\n\t\t\t\t\t\t\t\tdata-vbility=\"t,t,f,f\"\n\t\t\t\t\t\t\t\tdata-frame_0=\"tp:600;\"\n\t\t\t\t\t\t\t\tdata-frame_1=\"tp:600;st:0;\"\n\t\t\t\t\t\t\t\tdata-frame_999=\"o:0;tp:600;st:w;sR:4700;\"\n\t\t\t\t\t\t\t\tstyle=\"z-index:5;\"\n\t\t\t\t\t\t\t><img decoding=\"async\" src=\"\/\/neuromed-berlin.de\/wp-content\/plugins\/revslider\/sr6\/assets\/assets\/dummy.png\" alt=\"\" class=\"tp-rs-img rs-lazyload\" width=\"424\" height=\"383\" data-lazyload=\"\/\/neuromed-berlin.de\/wp-content\/uploads\/2018\/04\/NMB_Wasserzeichen@2x.png\" data-no-retina> \n\t\t\t\t\t\t\t<\/rs-layer><!--\n-->\t\t\t\t\t<\/rs-slide>\n\t\t\t\t\t\t<rs-slide style=\"position: absolute;\" data-key=\"rs-71\" data-title=\"Slide\" data-anim=\"adpr:false;\">\n\t\t\t\t\t\t\t<img decoding=\"async\" src=\"\/\/neuromed-berlin.de\/wp-content\/plugins\/revslider\/sr6\/assets\/assets\/dummy.png\" alt=\"\" title=\"Coronavirus Video Consultation\" class=\"rev-slidebg tp-rs-img rs-lazyload\" data-lazyload=\"\/\/neuromed-berlin.de\/wp-content\/uploads\/MG_9015_voges-design.jpg\" data-bg=\"p:0% 40%;\" data-no-retina>\n<!--\n\t\t\t\t\t\t\t--><rs-layer\n\t\t\t\t\t\t\t\tid=\"slider-21-slide-71-layer-1\" \n\t\t\t\t\t\t\t\tdata-type=\"image\"\n\t\t\t\t\t\t\t\tdata-rsp_ch=\"on\"\n\t\t\t\t\t\t\t\tdata-xy=\"xo:880px;yo:310px;\"\n\t\t\t\t\t\t\t\tdata-text=\"l:22;a:inherit;\"\n\t\t\t\t\t\t\t\tdata-dim=\"w:[&#039;196px&#039;,&#039;196px&#039;,&#039;196px&#039;,&#039;196px&#039;];h:[&#039;177px&#039;,&#039;177px&#039;,&#039;177px&#039;,&#039;177px&#039;];\"\n\t\t\t\t\t\t\t\tdata-vbility=\"t,t,f,f\"\n\t\t\t\t\t\t\t\tdata-frame_0=\"tp:600;\"\n\t\t\t\t\t\t\t\tdata-frame_1=\"tp:600;st:0;\"\n\t\t\t\t\t\t\t\tdata-frame_999=\"o:0;tp:600;st:w;sR:4700;\"\n\t\t\t\t\t\t\t\tstyle=\"z-index:5;\"\n\t\t\t\t\t\t\t><img decoding=\"async\" src=\"\/\/neuromed-berlin.de\/wp-content\/plugins\/revslider\/sr6\/assets\/assets\/dummy.png\" alt=\"\" class=\"tp-rs-img rs-lazyload\" width=\"424\" height=\"383\" data-lazyload=\"\/\/neuromed-berlin.de\/wp-content\/uploads\/2018\/04\/NMB_Wasserzeichen@2x.png\" data-no-retina> \n\t\t\t\t\t\t\t<\/rs-layer><!--\n-->\t\t\t\t\t<\/rs-slide>\n\t\t\t\t\t<\/rs-slides>\n\t\t\t\t<\/rs-module>\n\t\t\t\t<script>\n\t\t\t\t\tsetREVStartSize({c: 'rev_slider_21_2',rl:[1240,1240,1240,480],el:[],gw:[1080,1080,1080,480],gh:[700,700,700,720],type:'standard',justify:'',layout:'fullwidth',mh:\"0\"});if (window.RS_MODULES!==undefined && window.RS_MODULES.modules!==undefined && window.RS_MODULES.modules[\"revslider212\"]!==undefined) {window.RS_MODULES.modules[\"revslider212\"].once = false;window.revapi21_2 = undefined;if (window.RS_MODULES.checkMinimal!==undefined) window.RS_MODULES.checkMinimal()}\n\t\t\t\t<\/script>\n\t\t\t<\/rs-module-wrap>\n\t\t\t<!-- END REVOLUTION SLIDER -->\nSchutz vor dem Corona-Virus: Onlinesprechstunde Neurologie Wir bieten ab sofort eine Video-Sprechstunde f\u00fcr Neurologie an, um die neurologische Behandlung unserer Patienten weiterf\u00fchren zu k\u00f6nnen. Das hei\u00dft, Sie bleiben zu Hause und kommen trotzdem zu uns in die Praxis. F\u00fcr wen ist die Videosprechstunde geeignet: &#8211; Kontrolluntersuchungen: Patienten die bereits bei uns in der Praxis [&hellip;]<\/p>\n","protected":false},"author":1,"featured_media":0,"parent":0,"menu_order":121,"comment_status":"closed","ping_status":"closed","template":"","meta":{"_et_pb_use_builder":"on","_et_pb_old_content":"","_et_gb_content_width":"","footnotes":""},"class_list":["post-1725","page","type-page","status-publish","hentry"],"yoast_head":"<!-- This site is optimized with the Yoast SEO plugin v26.3 - https:\/\/yoast.com\/wordpress\/plugins\/seo\/ -->\n<title>Coronavirus Video Consultation - Neuromed Berlin<\/title>\n<meta name=\"robots\" content=\"index, follow, max-snippet:-1, max-image-preview:large, max-video-preview:-1\" \/>\n<link rel=\"canonical\" href=\"https:\/\/neuromed-berlin.de\/en\/coronavirus-video-consultation\/\" \/>\n<meta property=\"og:locale\" content=\"en_US\" \/>\n<meta property=\"og:type\" content=\"article\" \/>\n<meta property=\"og:title\" content=\"Coronavirus Video Consultation - Neuromed Berlin\" \/>\n<meta property=\"og:description\" content=\"Schutz vor dem Corona-Virus: Onlinesprechstunde Neurologie Wir bieten ab sofort eine Video-Sprechstunde f\u00fcr Neurologie an, um die neurologische Behandlung unserer Patienten weiterf\u00fchren zu k\u00f6nnen. Das hei\u00dft, Sie bleiben zu Hause und kommen trotzdem zu uns in die Praxis. F\u00fcr wen ist die Videosprechstunde geeignet: - Kontrolluntersuchungen: Patienten die bereits bei uns in der Praxis [&hellip;]\" \/>\n<meta property=\"og:url\" content=\"https:\/\/neuromed-berlin.de\/en\/coronavirus-video-consultation\/\" \/>\n<meta property=\"og:site_name\" content=\"Neuromed Berlin\" \/>\n<meta property=\"article:modified_time\" content=\"2020-03-16T18:56:22+00:00\" \/>\n<meta name=\"twitter:card\" content=\"summary_large_image\" \/>\n<meta name=\"twitter:label1\" content=\"Est. reading time\" \/>\n\t<meta name=\"twitter:data1\" content=\"2 minutes\" \/>\n<script type=\"application\/ld+json\" class=\"yoast-schema-graph\">{\"@context\":\"https:\/\/schema.org\",\"@graph\":[{\"@type\":\"WebPage\",\"@id\":\"https:\/\/neuromed-berlin.de\/en\/coronavirus-video-consultation\/\",\"url\":\"https:\/\/neuromed-berlin.de\/en\/coronavirus-video-consultation\/\",\"name\":\"Coronavirus Video Consultation - Neuromed Berlin\",\"isPartOf\":{\"@id\":\"https:\/\/neuromed-berlin.de\/#website\"},\"datePublished\":\"2020-03-16T12:50:00+00:00\",\"dateModified\":\"2020-03-16T18:56:22+00:00\",\"breadcrumb\":{\"@id\":\"https:\/\/neuromed-berlin.de\/en\/coronavirus-video-consultation\/#breadcrumb\"},\"inLanguage\":\"en-US\",\"potentialAction\":[{\"@type\":\"ReadAction\",\"target\":[\"https:\/\/neuromed-berlin.de\/en\/coronavirus-video-consultation\/\"]}]},{\"@type\":\"BreadcrumbList\",\"@id\":\"https:\/\/neuromed-berlin.de\/en\/coronavirus-video-consultation\/#breadcrumb\",\"itemListElement\":[{\"@type\":\"ListItem\",\"position\":1,\"name\":\"Home\",\"item\":\"https:\/\/neuromed-berlin.de\/en\/\"},{\"@type\":\"ListItem\",\"position\":2,\"name\":\"Coronavirus Video Consultation\"}]},{\"@type\":\"WebSite\",\"@id\":\"https:\/\/neuromed-berlin.de\/#website\",\"url\":\"https:\/\/neuromed-berlin.de\/\",\"name\":\"Neuromed Berlin\",\"description\":\"\",\"potentialAction\":[{\"@type\":\"SearchAction\",\"target\":{\"@type\":\"EntryPoint\",\"urlTemplate\":\"https:\/\/neuromed-berlin.de\/?s={search_term_string}\"},\"query-input\":{\"@type\":\"PropertyValueSpecification\",\"valueRequired\":true,\"valueName\":\"search_term_string\"}}],\"inLanguage\":\"en-US\"}]}<\/script>\n<!-- \/ Yoast SEO plugin. -->","yoast_head_json":{"title":"Coronavirus Video Consultation - Neuromed Berlin","robots":{"index":"index","follow":"follow","max-snippet":"max-snippet:-1","max-image-preview":"max-image-preview:large","max-video-preview":"max-video-preview:-1"},"canonical":"https:\/\/neuromed-berlin.de\/en\/coronavirus-video-consultation\/","og_locale":"en_US","og_type":"article","og_title":"Coronavirus Video Consultation - Neuromed Berlin","og_description":"Schutz vor dem Corona-Virus: Onlinesprechstunde Neurologie Wir bieten ab sofort eine Video-Sprechstunde f\u00fcr Neurologie an, um die neurologische Behandlung unserer Patienten weiterf\u00fchren zu k\u00f6nnen. Das hei\u00dft, Sie bleiben zu Hause und kommen trotzdem zu uns in die Praxis. F\u00fcr wen ist die Videosprechstunde geeignet: - Kontrolluntersuchungen: Patienten die bereits bei uns in der Praxis [&hellip;]","og_url":"https:\/\/neuromed-berlin.de\/en\/coronavirus-video-consultation\/","og_site_name":"Neuromed Berlin","article_modified_time":"2020-03-16T18:56:22+00:00","twitter_card":"summary_large_image","twitter_misc":{"Est. reading time":"2 minutes"},"schema":{"@context":"https:\/\/schema.org","@graph":[{"@type":"WebPage","@id":"https:\/\/neuromed-berlin.de\/en\/coronavirus-video-consultation\/","url":"https:\/\/neuromed-berlin.de\/en\/coronavirus-video-consultation\/","name":"Coronavirus Video Consultation - Neuromed Berlin","isPartOf":{"@id":"https:\/\/neuromed-berlin.de\/#website"},"datePublished":"2020-03-16T12:50:00+00:00","dateModified":"2020-03-16T18:56:22+00:00","breadcrumb":{"@id":"https:\/\/neuromed-berlin.de\/en\/coronavirus-video-consultation\/#breadcrumb"},"inLanguage":"en-US","potentialAction":[{"@type":"ReadAction","target":["https:\/\/neuromed-berlin.de\/en\/coronavirus-video-consultation\/"]}]},{"@type":"BreadcrumbList","@id":"https:\/\/neuromed-berlin.de\/en\/coronavirus-video-consultation\/#breadcrumb","itemListElement":[{"@type":"ListItem","position":1,"name":"Home","item":"https:\/\/neuromed-berlin.de\/en\/"},{"@type":"ListItem","position":2,"name":"Coronavirus Video Consultation"}]},{"@type":"WebSite","@id":"https:\/\/neuromed-berlin.de\/#website","url":"https:\/\/neuromed-berlin.de\/","name":"Neuromed Berlin","description":"","potentialAction":[{"@type":"SearchAction","target":{"@type":"EntryPoint","urlTemplate":"https:\/\/neuromed-berlin.de\/?s={search_term_string}"},"query-input":{"@type":"PropertyValueSpecification","valueRequired":true,"valueName":"search_term_string"}}],"inLanguage":"en-US"}]}},"_links":{"self":[{"href":"https:\/\/neuromed-berlin.de\/en\/wp-json\/wp\/v2\/pages\/1725","targetHints":{"allow":["GET"]}}],"collection":[{"href":"https:\/\/neuromed-berlin.de\/en\/wp-json\/wp\/v2\/pages"}],"about":[{"href":"https:\/\/neuromed-berlin.de\/en\/wp-json\/wp\/v2\/types\/page"}],"author":[{"embeddable":true,"href":"https:\/\/neuromed-berlin.de\/en\/wp-json\/wp\/v2\/users\/1"}],"replies":[{"embeddable":true,"href":"https:\/\/neuromed-berlin.de\/en\/wp-json\/wp\/v2\/comments?post=1725"}],"version-history":[{"count":4,"href":"https:\/\/neuromed-berlin.de\/en\/wp-json\/wp\/v2\/pages\/1725\/revisions"}],"predecessor-version":[{"id":1762,"href":"https:\/\/neuromed-berlin.de\/en\/wp-json\/wp\/v2\/pages\/1725\/revisions\/1762"}],"wp:attachment":[{"href":"https:\/\/neuromed-berlin.de\/en\/wp-json\/wp\/v2\/media?parent=1725"}],"curies":[{"name":"wp","href":"https:\/\/api.w.org\/{rel}","templated":true}]}}